{"id":2244,"date":"2017-06-09T15:20:30","date_gmt":"2017-06-09T13:20:30","guid":{"rendered":"http:\/\/www.revis3d.com\/cms_wp\/?page_id=2244"},"modified":"2024-04-24T09:48:53","modified_gmt":"2024-04-24T07:48:53","slug":"360-rotationen","status":"publish","type":"page","link":"https:\/\/www.revis3d.com\/cms\/de\/leistungen\/3d-content\/360-rotationen\/","title":{"rendered":"360\u00b0-Rotationen"},"content":{"rendered":"<p><\/p><div class=\"fusion-fullwidth fullwidth-box fusion-builder-row-1 nonhundred-percent-fullwidth non-hundred-percent-height-scrolling\" style=\"background-color: #29292a;background-position: center center;background-repeat: no-repeat;padding-top:100px;padding-right:0px;padding-bottom:50px;padding-left:0px;margin-bottom: 0px;margin-top: 0px;border-width: 0px 0px 0px 0px;border-color:#3e3e3e;border-style:solid;\"><div class=\"fusion-builder-row fusion-row\"><div class=\"fusion-layout-column fusion_builder_column fusion-builder-column-0 fusion_builder_column_1_6 1_6 fusion-one-sixth fusion-column-first\" style=\"width:16.666666666667%;width:calc(16.666666666667% - ( ( 4% + 4% ) * 0.16666666666667 ) );margin-right: 4%;margin-top:0px;margin-bottom:20px;\"><div class=\"fusion-column-wrapper fusion-flex-column-wrapper-legacy\" style=\"background-position:left top;background-repeat:no-repeat;-webkit-background-size:cover;-moz-background-size:cover;-o-background-size:cover;background-size:cover;padding: 0px 0px 0px 0px;\"><div class=\"fusion-clearfix\"><\/div><\/div><\/div><div class=\"fusion-layout-column fusion_builder_column fusion-builder-column-1 fusion_builder_column_2_3 2_3 fusion-two-third\" style=\"width:66.666666666667%;width:calc(66.666666666667% - ( ( 4% + 4% ) * 0.66666666666667 ) );margin-right: 4%;margin-top:0px;margin-bottom:20px;\"><div class=\"fusion-column-wrapper fusion-flex-column-wrapper-legacy\" style=\"background-position:left top;background-repeat:no-repeat;-webkit-background-size:cover;-moz-background-size:cover;-o-background-size:cover;background-size:cover;padding: 0px 0px 0px 0px;\"><style type=\"text\/css\"><\/style><div class=\"fusion-title title fusion-title-1 fusion-sep-none fusion-title-center fusion-title-text fusion-title-size-two\" style=\"margin-top:30px;margin-right:0px;margin-bottom:30px;margin-left:0px;\"><h2 class=\"title-heading-center fusion-responsive-typography-calculated\" style=\"margin:0;--fontSize:36;line-height:1.69;\">360\u00b0-Rotationen<\/h2><\/div><div class=\"fusion-clearfix\"><\/div><\/div><\/div><div class=\"fusion-layout-column fusion_builder_column fusion-builder-column-2 fusion_builder_column_1_6 1_6 fusion-one-sixth fusion-column-last\" style=\"width:16.666666666667%;width:calc(16.666666666667% - ( ( 4% + 4% ) * 0.16666666666667 ) );margin-top:0px;margin-bottom:20px;\"><div class=\"fusion-column-wrapper fusion-flex-column-wrapper-legacy\" style=\"background-position:left top;background-repeat:no-repeat;-webkit-background-size:cover;-moz-background-size:cover;-o-background-size:cover;background-size:cover;padding: 0px 0px 0px 0px;\"><div class=\"fusion-clearfix\"><\/div><\/div><\/div><div class=\"fusion-layout-column fusion_builder_column fusion-builder-column-3 fusion_builder_column_1_6 1_6 fusion-one-sixth fusion-column-first\" style=\"width:16.666666666667%;width:calc(16.666666666667% - ( ( 4% + 4% ) * 0.16666666666667 ) );margin-right: 4%;margin-top:0px;margin-bottom:20px;\"><div class=\"fusion-column-wrapper fusion-flex-column-wrapper-legacy\" style=\"background-position:left top;background-repeat:no-repeat;-webkit-background-size:cover;-moz-background-size:cover;-o-background-size:cover;background-size:cover;padding: 0px 0px 0px 0px;\"><div class=\"fusion-clearfix\"><\/div><\/div><\/div><div class=\"fusion-layout-column fusion_builder_column fusion-builder-column-4 fusion_builder_column_2_3 2_3 fusion-two-third\" style=\"width:66.666666666667%;width:calc(66.666666666667% - ( ( 4% + 4% ) * 0.66666666666667 ) );margin-right: 4%;margin-top:0px;margin-bottom:20px;\"><div class=\"fusion-column-wrapper fusion-flex-column-wrapper-legacy\" style=\"background-position:left top;background-repeat:no-repeat;-webkit-background-size:cover;-moz-background-size:cover;-o-background-size:cover;background-size:cover;padding: 0px 0px 0px 0px;\"><div class=\"fusion-text fusion-text-1\"><p class=\"bodytext\">Zei\u00adgen Sie eine Rund\u00adum\u00adsicht Ihrer Pro\u00addukte. Rotie\u00adren k\u00f6n\u00adnen Sie mit der&nbsp;Maus.<\/p>\n<p class=\"bodytext\">Unser 360\u00b0-Ansichtsmodul ist voll\u00adst\u00e4n\u00addig HTML5 kom\u00adpa\u00adti\u00adbel. Kein Plugin. Kein Flash. So errei\u00adchen Sie alle&nbsp;Interessierten.<\/p>\n<p class=\"bodytext\">Wir opti\u00admie\u00adren die ben\u00f6\u00adtig\u00adten Bild\u00adse\u00adquen\u00adzen auf ein Mini\u00admum an Gr\u00f6\u00dfe und opti\u00adma\u00adler Bild\u00adqua\u00adli\u00adt\u00e4t. Dadurch wer\u00adden Lade\u00adzei\u00adten ver\u00adk\u00fcrzt. Und sogar trans\u00adpa\u00adrente Hin\u00adter\u00adgr\u00fcnde sind m\u00f6g\u00adlich. F\u00fcr eine naht\u00adlose Ein\u00adbin\u00addung in Ihr&nbsp;Webdesign.<\/p>\n<\/div><div class=\"fusion-clearfix\"><\/div><\/div><\/div><div class=\"fusion-layout-column fusion_builder_column fusion-builder-column-5 fusion_builder_column_1_6 1_6 fusion-one-sixth fusion-column-last\" style=\"width:16.666666666667%;width:calc(16.666666666667% - ( ( 4% + 4% ) * 0.16666666666667 ) );margin-top:0px;margin-bottom:20px;\"><div class=\"fusion-column-wrapper fusion-flex-column-wrapper-legacy\" style=\"background-position:left top;background-repeat:no-repeat;-webkit-background-size:cover;-moz-background-size:cover;-o-background-size:cover;background-size:cover;padding: 0px 0px 0px 0px;\"><div class=\"fusion-clearfix\"><\/div><\/div><\/div><\/div><\/div><div class=\"fusion-fullwidth fullwidth-box fusion-builder-row-2 hundred-percent-fullwidth non-hundred-percent-height-scrolling\" style=\"background-color: rgba(255,255,255,0.05);background-position: center center;background-repeat: no-repeat;padding-top:0px;padding-right:0px;padding-bottom:0px;padding-left:0px;margin-bottom: 150px;margin-top: 0px;border-width: 0px 0px 0px 0px;border-color:#3e3e3e;border-style:solid;\"><div class=\"fusion-builder-row fusion-row\"><div class=\"fusion-layout-column fusion_builder_column fusion-builder-column-6 fusion_builder_column_1_1 1_1 fusion-one-full fusion-column-first fusion-column-last fusion-column-no-min-height\" style=\"margin-top:30px;margin-bottom:30px;\"><div class=\"fusion-column-wrapper fusion-flex-column-wrapper-legacy\" style=\"background-position:left top;background-repeat:no-repeat;-webkit-background-size:cover;-moz-background-size:cover;-o-background-size:cover;background-size:cover;padding: 0px 0px 0px 0px;\"><style type=\"text\/css\"><\/style><div class=\"fusion-title title fusion-title-2 fusion-sep-none fusion-title-center fusion-title-text fusion-title-size-two\" style=\"margin-top:0px;margin-right:0px;margin-bottom:0px;margin-left:0px;\"><h2 class=\"title-heading-center fusion-responsive-typography-calculated\" style=\"margin:0;--fontSize:36;line-height:1.69;\">Demo<\/h2><\/div><div class=\"fusion-clearfix\"><\/div><\/div><\/div><\/div><\/div><div class=\"fusion-fullwidth fullwidth-box fusion-builder-row-3 nonhundred-percent-fullwidth non-hundred-percent-height-scrolling\" style=\"background-color: #29292a;background-position: center center;background-repeat: no-repeat;padding-top:30px;padding-right:0px;padding-bottom:150px;padding-left:0px;margin-bottom: 0px;margin-top: 0px;border-width: 0px 0px 0px 0px;border-color:#3e3e3e;border-style:solid;\"><div class=\"fusion-builder-row fusion-row\"><div class=\"fusion-layout-column fusion_builder_column fusion-builder-column-7 fusion_builder_column_1_6 1_6 fusion-one-sixth fusion-column-first\" style=\"width:16.666666666667%;width:calc(16.666666666667% - ( ( 4% + 4% ) * 0.16666666666667 ) );margin-right: 4%;margin-top:0px;margin-bottom:20px;\"><div class=\"fusion-column-wrapper fusion-flex-column-wrapper-legacy\" style=\"background-position:left top;background-repeat:no-repeat;-webkit-background-size:cover;-moz-background-size:cover;-o-background-size:cover;background-size:cover;padding: 0px 0px 0px 0px;\"><div class=\"fusion-clearfix\"><\/div><\/div><\/div><div class=\"fusion-layout-column fusion_builder_column fusion-builder-column-8 fusion_builder_column_2_3 2_3 fusion-two-third\" style=\"width:66.666666666667%;width:calc(66.666666666667% - ( ( 4% + 4% ) * 0.66666666666667 ) );margin-right: 4%;margin-top:0px;margin-bottom:90px;\"><div class=\"fusion-column-wrapper fusion-flex-column-wrapper-legacy\" style=\"background-position:left top;background-repeat:no-repeat;-webkit-background-size:cover;-moz-background-size:cover;-o-background-size:cover;background-size:cover;padding: 0px 0px 0px 0px;\"><script type=\"text\/javascript\">\n  $(document).ready(function() {\n    \/\/ Funktion zur Anpassung der Gr\u00f6\u00dfe des Spritespin-Containers\n    function adjustSpriteSpinSize() {\n      var img = document.getElementById('backgroundImg');\n      var container = document.getElementById('spritespin-container');\n      var containerWidth = img.offsetWidth;\n      var containerHeight = img.offsetHeight;\n\n      \/\/ Setze die Breite und H\u00f6he des Spritespin-Containers\n      container.style.width = containerWidth + 'px';\n      container.style.height = containerHeight + 'px';\n\n      \/\/ Initialisierung des Spritespin\n      $(\"#spritespin-container\").spritespin({\n        width: containerWidth,\n        height: containerHeight,\n        frames: 64,\n        framesX: 8,\n        source: \"http:\/\/www.revis3d.com\/konfigurator\/kolbus\/3d-rotation\/img\/Kolbus_7040x5120.png\",\n        frameTime: 120,\n        renderer: 'image',\n        behavior: 'drag',\n        modules: ['360']\n      });\n    }\n\n    \/\/ Rufe die Funktion beim Laden der Seite und bei einer Fenstergr\u00f6\u00dfen\u00e4nderung auf\n    $(window).on('load resize', adjustSpriteSpinSize);\n\n  });\n<\/script><div class=\"fusion-text fusion-text-2\"><p>360\u00b0 Rota\u00adtio\u00adnen f\u00fcr Ihre Web\u00adseite? Stel\u00adlen Sie jetzt eine Pro\u00adjekt\u00adan\u00adfrage f\u00fcr Ihr Unter\u00adneh\u00admen oder rufen Sie uns an. Wir freuen uns auf Ihre&nbsp;Nachricht.<\/p>\n<\/div><div class=\"fusion-button-wrapper\"><style type=\"text\/css\">.fusion-button.button-1 {border-radius:0px;}<\/style><a class=\"fusion-button button-flat button-large button-default button-1 fusion-button-default-span fusion-button-default-type fusion-animated\" data-animationtype=\"fadeInDown\" data-animationduration=\"1.0\" data-animationoffset=\"top-into-view\" target=\"_self\" href=\"..\/..\/..\/kontakt#kontakt\"><span class=\"fusion-button-text\">PROJEKTANFRAGE<\/span><\/a><\/div><div class=\"fusion-clearfix\"><\/div><\/div><\/div><div class=\"fusion-layout-column fusion_builder_column fusion-builder-column-9 fusion_builder_column_1_6 1_6 fusion-one-sixth fusion-column-last\" style=\"width:16.666666666667%;width:calc(16.666666666667% - ( ( 4% + 4% ) * 0.16666666666667 ) );margin-top:0px;margin-bottom:20px;\"><div class=\"fusion-column-wrapper fusion-flex-column-wrapper-legacy\" style=\"background-position:left top;background-repeat:no-repeat;-webkit-background-size:cover;-moz-background-size:cover;-o-background-size:cover;background-size:cover;padding: 0px 0px 0px 0px;\"><div class=\"fusion-clearfix\"><\/div><\/div><\/div><\/div><\/div>\n","protected":false},"excerpt":{"rendered":"","protected":false},"author":2,"featured_media":0,"parent":2660,"menu_order":12,"comment_status":"closed","ping_status":"closed","template":"100-width.php","meta":{"wp_typography_post_enhancements_disabled":false},"yoast_head":"<!-- This site is optimized with the Yoast SEO plugin v18.1 - https:\/\/yoast.com\/wordpress\/plugins\/seo\/ -->\n<title>3D Visualisierung | 3D Animation &ndash; revis3d GmbH &ndash; 360\u00b0-Rotationen<\/title>\n<meta name=\"description\" content=\"revis3d erstellt perfekte 360\u00b0 Rotationen Ihrer Produkte aus 3D-Daten f\u00fcr Web und mobile. HTML5-kompatibel. Kein Flash. Kein Plugin.\" \/>\n<meta name=\"robots\" content=\"index, follow, max-snippet:-1, max-image-preview:large, max-video-preview:-1\" \/>\n<link rel=\"canonical\" href=\"https:\/\/www.revis3d.com\/cms\/de\/leistungen\/3d-content\/360-rotationen\/\" \/>\n<meta property=\"og:locale\" content=\"de_DE\" \/>\n<meta property=\"og:type\" content=\"article\" \/>\n<meta property=\"og:title\" content=\"3D Visualisierung | 3D Animation &ndash; revis3d GmbH &ndash; 360\u00b0-Rotationen\" \/>\n<meta property=\"og:description\" content=\"revis3d erstellt perfekte 360\u00b0 Rotationen Ihrer Produkte aus 3D-Daten f\u00fcr Web und mobile. HTML5-kompatibel. Kein Flash. Kein Plugin.\" \/>\n<meta property=\"og:url\" content=\"https:\/\/www.revis3d.com\/cms\/de\/leistungen\/3d-content\/360-rotationen\/\" \/>\n<meta property=\"og:site_name\" content=\"revis3d GmbH\" \/>\n<meta property=\"article:modified_time\" content=\"2024-04-24T07:48:53+00:00\" \/>\n<meta name=\"twitter:card\" content=\"summary\" \/>\n<meta name=\"twitter:label1\" content=\"Gesch\u00e4tzte Lesezeit\" \/>\n\t<meta name=\"twitter:data1\" content=\"4 Minuten\" \/>\n<script type=\"application\/ld+json\" class=\"yoast-schema-graph\">{\"@context\":\"https:\/\/schema.org\",\"@graph\":[{\"@type\":\"WebSite\",\"@id\":\"https:\/\/www.revis3d.com\/cms\/#website\",\"url\":\"https:\/\/www.revis3d.com\/cms\/\",\"name\":\"revis3d GmbH\",\"description\":\"Alles aus Ihren 3D-Daten\",\"potentialAction\":[{\"@type\":\"SearchAction\",\"target\":{\"@type\":\"EntryPoint\",\"urlTemplate\":\"https:\/\/www.revis3d.com\/cms\/?s={search_term_string}\"},\"query-input\":\"required name=search_term_string\"}],\"inLanguage\":\"de-DE\"},{\"@type\":\"WebPage\",\"@id\":\"https:\/\/www.revis3d.com\/cms\/de\/leistungen\/3d-content\/360-rotationen\/#webpage\",\"url\":\"https:\/\/www.revis3d.com\/cms\/de\/leistungen\/3d-content\/360-rotationen\/\",\"name\":\"3D Visualisierung | 3D Animation &ndash; revis3d GmbH &ndash; 360\u00b0-Rotationen\",\"isPartOf\":{\"@id\":\"https:\/\/www.revis3d.com\/cms\/#website\"},\"datePublished\":\"2017-06-09T13:20:30+00:00\",\"dateModified\":\"2024-04-24T07:48:53+00:00\",\"description\":\"revis3d erstellt perfekte 360\u00b0 Rotationen Ihrer Produkte aus 3D-Daten f\u00fcr Web und mobile. HTML5-kompatibel. Kein Flash. Kein Plugin.\",\"breadcrumb\":{\"@id\":\"https:\/\/www.revis3d.com\/cms\/de\/leistungen\/3d-content\/360-rotationen\/#breadcrumb\"},\"inLanguage\":\"de-DE\",\"potentialAction\":[{\"@type\":\"ReadAction\",\"target\":[\"https:\/\/www.revis3d.com\/cms\/de\/leistungen\/3d-content\/360-rotationen\/\"]}]},{\"@type\":\"BreadcrumbList\",\"@id\":\"https:\/\/www.revis3d.com\/cms\/de\/leistungen\/3d-content\/360-rotationen\/#breadcrumb\",\"itemListElement\":[{\"@type\":\"ListItem\",\"position\":1,\"name\":\"Startseite\",\"item\":\"https:\/\/www.revis3d.com\/cms\/de\/\"},{\"@type\":\"ListItem\",\"position\":2,\"name\":\"Leistungen\",\"item\":\"https:\/\/www.revis3d.com\/cms\/de\/leistungen\/\"},{\"@type\":\"ListItem\",\"position\":3,\"name\":\"3D-Content\",\"item\":\"https:\/\/www.revis3d.com\/cms\/de\/leistungen\/3d-content\/\"},{\"@type\":\"ListItem\",\"position\":4,\"name\":\"360\u00b0-Rotationen\"}]}]}<\/script>\n<!-- \/ Yoast SEO plugin. -->","yoast_head_json":{"title":"3D Visualisierung | 3D Animation &ndash; revis3d GmbH &ndash; 360\u00b0-Rotationen","description":"revis3d erstellt perfekte 360\u00b0 Rotationen Ihrer Produkte aus 3D-Daten f\u00fcr Web und mobile. HTML5-kompatibel. Kein Flash. Kein Plugin.","robots":{"index":"index","follow":"follow","max-snippet":"max-snippet:-1","max-image-preview":"max-image-preview:large","max-video-preview":"max-video-preview:-1"},"canonical":"https:\/\/www.revis3d.com\/cms\/de\/leistungen\/3d-content\/360-rotationen\/","og_locale":"de_DE","og_type":"article","og_title":"3D Visualisierung | 3D Animation &ndash; revis3d GmbH &ndash; 360\u00b0-Rotationen","og_description":"revis3d erstellt perfekte 360\u00b0 Rotationen Ihrer Produkte aus 3D-Daten f\u00fcr Web und mobile. HTML5-kompatibel. Kein Flash. Kein Plugin.","og_url":"https:\/\/www.revis3d.com\/cms\/de\/leistungen\/3d-content\/360-rotationen\/","og_site_name":"revis3d GmbH","article_modified_time":"2024-04-24T07:48:53+00:00","twitter_card":"summary","twitter_misc":{"Gesch\u00e4tzte Lesezeit":"4 Minuten"},"schema":{"@context":"https:\/\/schema.org","@graph":[{"@type":"WebSite","@id":"https:\/\/www.revis3d.com\/cms\/#website","url":"https:\/\/www.revis3d.com\/cms\/","name":"revis3d GmbH","description":"Alles aus Ihren 3D-Daten","potentialAction":[{"@type":"SearchAction","target":{"@type":"EntryPoint","urlTemplate":"https:\/\/www.revis3d.com\/cms\/?s={search_term_string}"},"query-input":"required name=search_term_string"}],"inLanguage":"de-DE"},{"@type":"WebPage","@id":"https:\/\/www.revis3d.com\/cms\/de\/leistungen\/3d-content\/360-rotationen\/#webpage","url":"https:\/\/www.revis3d.com\/cms\/de\/leistungen\/3d-content\/360-rotationen\/","name":"3D Visualisierung | 3D Animation &ndash; revis3d GmbH &ndash; 360\u00b0-Rotationen","isPartOf":{"@id":"https:\/\/www.revis3d.com\/cms\/#website"},"datePublished":"2017-06-09T13:20:30+00:00","dateModified":"2024-04-24T07:48:53+00:00","description":"revis3d erstellt perfekte 360\u00b0 Rotationen Ihrer Produkte aus 3D-Daten f\u00fcr Web und mobile. HTML5-kompatibel. Kein Flash. Kein Plugin.","breadcrumb":{"@id":"https:\/\/www.revis3d.com\/cms\/de\/leistungen\/3d-content\/360-rotationen\/#breadcrumb"},"inLanguage":"de-DE","potentialAction":[{"@type":"ReadAction","target":["https:\/\/www.revis3d.com\/cms\/de\/leistungen\/3d-content\/360-rotationen\/"]}]},{"@type":"BreadcrumbList","@id":"https:\/\/www.revis3d.com\/cms\/de\/leistungen\/3d-content\/360-rotationen\/#breadcrumb","itemListElement":[{"@type":"ListItem","position":1,"name":"Startseite","item":"https:\/\/www.revis3d.com\/cms\/de\/"},{"@type":"ListItem","position":2,"name":"Leistungen","item":"https:\/\/www.revis3d.com\/cms\/de\/leistungen\/"},{"@type":"ListItem","position":3,"name":"3D-Content","item":"https:\/\/www.revis3d.com\/cms\/de\/leistungen\/3d-content\/"},{"@type":"ListItem","position":4,"name":"360\u00b0-Rotationen"}]}]}},"_links":{"self":[{"href":"https:\/\/www.revis3d.com\/cms\/wp-json\/wp\/v2\/pages\/2244"}],"collection":[{"href":"https:\/\/www.revis3d.com\/cms\/wp-json\/wp\/v2\/pages"}],"about":[{"href":"https:\/\/www.revis3d.com\/cms\/wp-json\/wp\/v2\/types\/page"}],"author":[{"embeddable":true,"href":"https:\/\/www.revis3d.com\/cms\/wp-json\/wp\/v2\/users\/2"}],"replies":[{"embeddable":true,"href":"https:\/\/www.revis3d.com\/cms\/wp-json\/wp\/v2\/comments?post=2244"}],"version-history":[{"count":4,"href":"https:\/\/www.revis3d.com\/cms\/wp-json\/wp\/v2\/pages\/2244\/revisions"}],"predecessor-version":[{"id":11608,"href":"https:\/\/www.revis3d.com\/cms\/wp-json\/wp\/v2\/pages\/2244\/revisions\/11608"}],"up":[{"embeddable":true,"href":"https:\/\/www.revis3d.com\/cms\/wp-json\/wp\/v2\/pages\/2660"}],"wp:attachment":[{"href":"https:\/\/www.revis3d.com\/cms\/wp-json\/wp\/v2\/media?parent=2244"}],"curies":[{"name":"wp","href":"https:\/\/api.w.org\/{rel}","templated":true}]}}